{"id":9616,"date":"2024-08-17T12:16:07","date_gmt":"2024-08-17T12:16:07","guid":{"rendered":"https:\/\/www.tomassotables.com\/?post_type=product&#038;p=9616"},"modified":"2025-10-27T13:58:44","modified_gmt":"2025-10-27T13:58:44","slug":"manigod-eettafel-mango","status":"publish","type":"product","link":"https:\/\/www.tomassotables.com\/nl\/product\/manigod-eettafel-mango\/","title":{"rendered":"Manigod Eettafel Mango \u2013 Ovaal Massief Mangohout met Zwart Kruisonderstel \u2013 160 t\/m 240 cm"},"content":{"rendered":"<p><!-- A: Attention \/ hero intro --><\/p>\n<p><strong>Warm mangohout. Iconisch kruisonderstel. Eten, blijven hangen, nog een ronde koffie.<\/strong><\/p>\n<p>De Manigod eettafel is gemaakt om aan te leven. Het ovale blad in mangohout oogt rijk en natuurlijk, terwijl het stalen zwarte onderstel de tafel direct een moderne, stevige basis geeft. Verkrijgbaar in meerdere maten (160 t\/m 240 cm), dus je kiest precies wat past bij jouw ruimte \u2013 van knus gezinsetentje tot uitgebreid diner met vrienden.<\/p>\n<p><!-- N + G: Waarom dit jouw tafel is --><\/p>\n<h3 style=\"margin-top:24px;margin-bottom:12px;font-weight:600;color:#1a1a1a;\">Waarom deze tafel zo goed werkt in huis<\/h3>\n<div style=\"display:flex;align-items:flex-start;column-gap:12px;margin-bottom:14px;max-width:760px;\">\n<div style=\"min-width:20px;max-width:20px;height:20px;line-height:0;flex-shrink:0;color:#0b4e2f;\">\n    <!-- check --><br \/>\n    <svg style=\"display:block;width:20px;height:20px;\" xmlns=\"http:\/\/www.w3.org\/2000\/svg\" fill=\"none\" stroke=\"currentColor\" stroke-width=\"1.8\" stroke-linecap=\"round\" stroke-linejoin=\"round\" viewBox=\"0 0 24 24\"><path d=\"M20 6L9 17l-5-5\"><\/path><\/svg>\n  <\/div>\n<div style=\"color:#1a1a1a;\">\n    <strong style=\"font-weight:600;color:#1a1a1a;\">Verkrijgbaar in meerdere afmetingen<\/strong> \u2013 van ca. 160 \u00d7 90 cm tot 240 \u00d7 100 cm. Kleinere maat voor 4\u20136 personen, grotere maat voor 8\u201310 personen aan \u00e9\u00e9n tafel.\n  <\/div>\n<\/div>\n<div style=\"display:flex;align-items:flex-start;column-gap:12px;margin-bottom:14px;max-width:760px;\">\n<div style=\"min-width:20px;max-width:20px;height:20px;line-height:0;flex-shrink:0;color:#0b4e2f;\">\n    <svg style=\"display:block;width:20px;height:20px;\" xmlns=\"http:\/\/www.w3.org\/2000\/svg\" fill=\"none\" stroke=\"currentColor\" stroke-width=\"1.8\" stroke-linecap=\"round\" stroke-linejoin=\"round\" viewBox=\"0 0 24 24\"><path d=\"M20 6L9 17l-5-5\"><\/path><\/svg>\n  <\/div>\n<div style=\"color:#1a1a1a;\">\n    <strong style=\"font-weight:600;color:#1a1a1a;\">Ovaal blad = socialere setting<\/strong> \u2013 Zacht afgeronde vorm, geen harde lijnen door de ruimte, en iedereen zit prettig in dezelfde flow van het gesprek.\n  <\/div>\n<\/div>\n<div style=\"display:flex;align-items:flex-start;column-gap:12px;margin-bottom:14px;max-width:760px;\">\n<div style=\"min-width:20px;max-width:20px;height:20px;line-height:0;flex-shrink:0;color:#0b4e2f;\">\n    <svg style=\"display:block;width:20px;height:20px;\" xmlns=\"http:\/\/www.w3.org\/2000\/svg\" fill=\"none\" stroke=\"currentColor\" stroke-width=\"1.8\" stroke-linecap=\"round\" stroke-linejoin=\"round\" viewBox=\"0 0 24 24\"><path d=\"M20 6L9 17l-5-5\"><\/path><\/svg>\n  <\/div>\n<div style=\"color:#1a1a1a;\">\n    <strong style=\"font-weight:600;color:#1a1a1a;\">Massieve mangohout look &#038; feel<\/strong> \u2013 Warme, diepe houttint met zichtbare nerven. Geen steriel showroomgevoel, maar echt karakter.\n  <\/div>\n<\/div>\n<div style=\"display:flex;align-items:flex-start;column-gap:12px;margin-bottom:14px;max-width:760px;\">\n<div style=\"min-width:20px;max-width:20px;height:20px;line-height:0;flex-shrink:0;color:#0b4e2f;\">\n    <svg style=\"display:block;width:20px;height:20px;\" xmlns=\"http:\/\/www.w3.org\/2000\/svg\" fill=\"none\" stroke=\"currentColor\" stroke-width=\"1.8\" stroke-linecap=\"round\" stroke-linejoin=\"round\" viewBox=\"0 0 24 24\"><path d=\"M20 6L9 17l-5-5\"><\/path><\/svg>\n  <\/div>\n<div style=\"color:#1a1a1a;\">\n    <strong style=\"font-weight:600;color:#1a1a1a;\">Zwart stalen kruisonderstel<\/strong> \u2013 Stoer, stabiel en visueel krachtig. Het onderstel is ontworpen om ruim te zitten rondom de tafel, ook met meerdere stoelen.\n  <\/div>\n<\/div>\n<div style=\"display:flex;align-items:flex-start;column-gap:12px;margin-bottom:14px;max-width:760px;\">\n<div style=\"min-width:20px;max-width:20px;height:20px;line-height:0;flex-shrink:0;color:#0b4e2f;\">\n    <svg style=\"display:block;width:20px;height:20px;\" xmlns=\"http:\/\/www.w3.org\/2000\/svg\" fill=\"none\" stroke=\"currentColor\" stroke-width=\"1.8\" stroke-linecap=\"round\" stroke-linejoin=\"round\" viewBox=\"0 0 24 24\"><path d=\"M20 6L9 17l-5-5\"><\/path><\/svg>\n  <\/div>\n<div style=\"color:#1a1a1a;\">\n    <strong style=\"font-weight:600;color:#1a1a1a;\">Dagelijks te gebruiken, niet \u2018alleen mooi\u2019<\/strong> \u2013 Het tafelblad laat zich eenvoudig afnemen met een zachte, licht vochtige doek.\n  <\/div>\n<\/div>\n<hr style=\"border:0;border-top:1px solid #e5e5e5;margin:24px 0 16px;\">\n<p><!-- L: Logic \/ feiten vooraf --><\/p>\n<h3 style=\"margin-bottom:12px;font-weight:600;color:#1a1a1a;\">Belangrijke details vooraf<\/h3>\n<div style=\"display:flex;align-items:flex-start;column-gap:12px;margin-bottom:10px;max-width:760px;\">\n<div style=\"min-width:20px;max-width:20px;height:20px;line-height:0;flex-shrink:0;color:#0b4e2f;\">\n    <!-- afmetingen --><br \/>\n    <svg style=\"display:block;width:20px;height:20px;\" xmlns=\"http:\/\/www.w3.org\/2000\/svg\" fill=\"none\" stroke=\"currentColor\" stroke-width=\"1.8\" stroke-linecap=\"round\" stroke-linejoin=\"round\" viewBox=\"0 0 24 24\"><path d=\"M15 3h6v6\"><\/path><path d=\"M9 21H3v-6\"><\/path><path d=\"M21 3l-7.5 7.5\"><\/path><path d=\"M3 21l7.5-7.5\"><\/path><\/svg>\n  <\/div>\n<div style=\"color:#1a1a1a;\">\n    <strong>Afmetingen:<\/strong> keuze uit ca. 160 \u00d7 90 cm, 180 \u00d7 90 cm, 200 \u00d7 100 cm, 220 \u00d7 100 cm of 240 \u00d7 100 cm. Hoogte ca. 77\u201378 cm.\n  <\/div>\n<\/div>\n<div style=\"display:flex;align-items:flex-start;column-gap:12px;margin-bottom:10px;max-width:760px;\">\n<div style=\"min-width:20px;max-width:20px;height:20px;line-height:0;flex-shrink:0;color:#0b4e2f;\">\n    <!-- users --><br \/>\n    <svg style=\"display:block;width:20px;height:20px;\" xmlns=\"http:\/\/www.w3.org\/2000\/svg\" fill=\"none\" stroke=\"currentColor\" stroke-width=\"1.8\" stroke-linecap=\"round\" stroke-linejoin=\"round\" viewBox=\"0 0 24 24\"><path d=\"M16 21v-2a4 4 0 0 0-4-4H8a4 4 0 0 0-4 4v2\"><\/path><circle cx=\"12\" cy=\"7\" r=\"4\"><\/circle><path d=\"M22 21v-2a4 4 0 0 0-3-3.87\"><\/path><path d=\"M16 3.13a4 4 0 0 1 0 7.75\"><\/path><\/svg>\n  <\/div>\n<div style=\"color:#1a1a1a;\">\n    <strong>Zitcapaciteit:<\/strong> afhankelijk van de maat \u2013 van comfortabel 4\u20136 personen (160 cm) tot royaal 8\u201310 personen (240 cm).\n  <\/div>\n<\/div>\n<div style=\"display:flex;align-items:flex-start;column-gap:12px;margin-bottom:10px;max-width:760px;\">\n<div style=\"min-width:20px;max-width:20px;height:20px;line-height:0;flex-shrink:0;color:#0b4e2f;\">\n    <!-- package \/ gewicht --><br \/>\n    <svg style=\"display:block;width:20px;height:20px;\" xmlns=\"http:\/\/www.w3.org\/2000\/svg\" fill=\"none\" stroke=\"currentColor\" stroke-width=\"1.8\" stroke-linecap=\"round\" stroke-linejoin=\"round\" viewBox=\"0 0 24 24\"><path d=\"M21 16V8a2 2 0 0 0-1-1.73l-7-4a2 2 0 0 0-2 0l-7 4A2 2 0 0 0 3 8v8a2 2 0 0 0 1 1.73l7 4a2 2 0 0 0 2 0l7-4A2 2 0 0 0 21 16z\"><\/path><path d=\"M3.3 7.9l8.7 4.35 8.7-4.35\"><\/path><path d=\"M12 12.25V22\"><\/path><\/svg>\n  <\/div>\n<div style=\"color:#1a1a1a;\">\n    <strong>Gewicht:<\/strong> ca. 45\u201348 kg (afhankelijk van afmeting). Solide en degelijk; het verplaatsen doe je het fijnst met twee personen.\n  <\/div>\n<\/div>\n<div style=\"display:flex;align-items:flex-start;column-gap:12px;margin-bottom:10px;max-width:760px;\">\n<div style=\"min-width:20px;max-width:20px;height:20px;line-height:0;flex-shrink:0;color:#0b4e2f;\">\n    <!-- wrench --><br \/>\n    <svg style=\"display:block;width:20px;height:20px;\" xmlns=\"http:\/\/www.w3.org\/2000\/svg\" fill=\"none\" stroke=\"currentColor\" stroke-width=\"1.8\" stroke-linecap=\"round\" stroke-linejoin=\"round\" viewBox=\"0 0 24 24\"><path d=\"M14.7 6.3a5 5 0 0 0-6.4 6.4l-5 5a2 2 0 0 0 2.8 2.8l5-5a5 5 0 0 0 6.4-6.4z\"><\/path><\/svg>\n  <\/div>\n<div style=\"color:#1a1a1a;\">\n    <strong>Montage:<\/strong> wordt geleverd als set (blad + onderstel + montagemateriaal). Het stalen kruisframe vastzetten en het blad monteren is duidelijk en goed te doen thuis.\n  <\/div>\n<\/div>\n<div style=\"display:flex;align-items:flex-start;column-gap:12px;margin-bottom:10px;max-width:760px;\">\n<div style=\"min-width:20px;max-width:20px;height:20px;line-height:0;flex-shrink:0;color:#0b4e2f;\">\n    <!-- truck --><br \/>\n    <svg style=\"display:block;width:20px;height:20px;\" xmlns=\"http:\/\/www.w3.org\/2000\/svg\" fill=\"none\" stroke=\"currentColor\" stroke-width=\"1.8\" stroke-linecap=\"round\" stroke-linejoin=\"round\" viewBox=\"0 0 24 24\"><path d=\"M10 17h4V5H2v12h2\"><\/path><path d=\"M14 17h2a2 2 0 1 0 4 0h2v-5.5L18 9h-4\"><\/path><circle cx=\"6.5\" cy=\"17.5\" r=\"2.5\"><\/circle><circle cx=\"17.5\" cy=\"17.5\" r=\"2.5\"><\/circle><\/svg>\n  <\/div>\n<div style=\"color:#1a1a1a;\">\n    <strong>Levering:<\/strong> gratis of verzekerde verzending binnen NL &amp; BE, inclusief tracking en afleverafspraak met tijdvak. Altijd geleverd tot aan je voordeur.\n  <\/div>\n<\/div>\n<hr style=\"border:0;border-top:1px solid #e5e5e5;margin:24px 0 16px;\">\n<p><!-- L (verdieping in kwaliteit) --><\/p>\n<h3 style=\"margin-bottom:12px;font-weight:600;color:#1a1a1a;\">Materialen &amp; afwerking<\/h3>\n<div style=\"display:flex;align-items:flex-start;column-gap:12px;margin-bottom:14px;max-width:760px;\">\n<div style=\"min-width:20px;max-width:20px;height:20px;line-height:0;flex-shrink:0;color:#0b4e2f;\">\n    <!-- wood --><br \/>\n    <svg style=\"display:block;width:20px;height:20px;\" xmlns=\"http:\/\/www.w3.org\/2000\/svg\" fill=\"none\" stroke=\"currentColor\" stroke-width=\"1.8\" stroke-linecap=\"round\" stroke-linejoin=\"round\" viewBox=\"0 0 24 24\"><path d=\"M12 22v-7\"><\/path><path d=\"M9 17c-4.3 1.9-6-2-6-5 0-4 3-7 9-7s9 3 9 7c0 3-1.7 6.9-6 5\"><\/path><\/svg>\n  <\/div>\n<div style=\"color:#1a1a1a;\">\n    <strong>Tafelblad:<\/strong> mangohout met een warme, natuurlijke kleur en zichtbare houtstructuur. Elk blad heeft eigen karakter en nuance.\n  <\/div>\n<\/div>\n<div style=\"display:flex;align-items:flex-start;column-gap:12px;margin-bottom:14px;max-width:760px;\">\n<div style=\"min-width:20px;max-width:20px;height:20px;line-height:0;flex-shrink:0;color:#0b4e2f;\">\n    <!-- frame --><br \/>\n    <svg style=\"display:block;width:20px;height:20px;\" xmlns=\"http:\/\/www.w3.org\/2000\/svg\" fill=\"none\" stroke=\"currentColor\" stroke-width=\"1.8\" stroke-linecap=\"round\" stroke-linejoin=\"round\" viewBox=\"0 0 24 24\"><rect x=\"3\" y=\"3\" width=\"7\" height=\"7\" rx=\"1\"><\/rect><rect x=\"14\" y=\"3\" width=\"7\" height=\"7\" rx=\"1\"><\/rect><rect x=\"14\" y=\"14\" width=\"7\" height=\"7\" rx=\"1\"><\/rect><rect x=\"3\" y=\"14\" width=\"7\" height=\"7\" rx=\"1\"><\/rect><path d=\"M10 7l4 4\"><\/path><path d=\"M14 7l-4 4\"><\/path><path d=\"M7 14l4-4\"><\/path><path d=\"M10 17l4-4\"><\/path><\/svg>\n  <\/div>\n<div style=\"color:#1a1a1a;\">\n    <strong>Onderstel:<\/strong> staal in zwart gecoate afwerking. De kruispoot geeft stabiliteit en een luxe, modern statement.\n  <\/div>\n<\/div>\n<div style=\"display:flex;align-items:flex-start;column-gap:12px;margin-bottom:14px;max-width:760px;\">\n<div style=\"min-width:20px;max-width:20px;height:20px;line-height:0;flex-shrink:0;color:#0b4e2f;\">\n    <!-- sparkle \/ clean --><br \/>\n    <svg style=\"display:block;width:20px;height:20px;\" xmlns=\"http:\/\/www.w3.org\/2000\/svg\" fill=\"none\" stroke=\"currentColor\" stroke-width=\"1.8\" stroke-linecap=\"round\" stroke-linejoin=\"round\" viewBox=\"0 0 24 24\"><path d=\"M12 3l1.5 3.5L17 8l-3.5 1.5L12 13l-1.5-3.5L7 8l3.5-1.5L12 3z\"><\/path><path d=\"M5 19l.5 1 .5-1 .5-1 .5 1 .5 1 .5-1 .5-1\"><\/path><path d=\"M19 19l.5 1 .5-1 .5-1 .5 1 .5 1 .5-1 .5-1\"><\/path><\/svg>\n  <\/div>\n<div style=\"color:#1a1a1a;\">\n    <strong>Onderhoud:<\/strong> gewoon afnemen met een zachte doek. Hard schrobben of agressieve schoonmaakmiddelen zijn niet nodig.\n  <\/div>\n<\/div>\n<hr style=\"border:0;border-top:1px solid #e5e5e5;margin:24px 0 16px;\">\n<p><!-- E: Easy next step \/ zekerheid --><\/p>\n<h3 style=\"margin-bottom:12px;font-weight:600;color:#1a1a1a;\">Service &amp; zekerheid<\/h3>\n<div style=\"display:flex;align-items:flex-start;column-gap:12px;margin-bottom:14px;max-width:760px;\">\n<div style=\"min-width:20px;max-width:20px;height:20px;line-height:0;flex-shrink:0;color:#0b4e2f;\">\n    <!-- shield-check --><br \/>\n    <svg style=\"display:block;width:20px;height:20px;\" xmlns=\"http:\/\/www.w3.org\/2000\/svg\" fill=\"none\" stroke=\"currentColor\" stroke-width=\"1.8\" stroke-linecap=\"round\" stroke-linejoin=\"round\" viewBox=\"0 0 24 24\"><path d=\"M12 22s8-4 8-10V5l-8-3-8 3v7c0 6 8 10 8 10z\"><\/path><path d=\"M9 12l2 2 4-4\"><\/path><\/svg>\n  <\/div>\n<div style=\"color:#1a1a1a;\">\n    <strong>2 jaar garantie<\/strong> op het product. Kwaliteit waar je op kunt bouwen.\n  <\/div>\n<\/div>\n<div style=\"display:flex;align-items:flex-start;column-gap:12px;margin-bottom:14px;max-width:760px;\">\n<div style=\"min-width:20px;max-width:20px;height:20px;line-height:0;flex-shrink:0;color:#0b4e2f;\">\n    <!-- rotate-ccw --><br \/>\n    <svg style=\"display:block;width:20px;height:20px;\" xmlns=\"http:\/\/www.w3.org\/2000\/svg\" fill=\"none\" stroke=\"currentColor\" stroke-width=\"1.8\" stroke-linecap=\"round\" stroke-linejoin=\"round\" viewBox=\"0 0 24 24\"><path d=\"M3 2v6h6\"><\/path><path d=\"M3.05 11A9 9 0 1 0 9 3.34\"><\/path><\/svg>\n  <\/div>\n<div style=\"color:#1a1a1a;\">\n    <strong>30 dagen retourrecht<\/strong> volgens ons retourbeleid. Voor vragen of twijfel helpen we persoonlijk \u2013 v\u00f3\u00f3r en na je bestelling.\n  <\/div>\n<\/div>\n<p style=\"color:#1a1a1a;margin-top:16px;\">De Manigod Eettafel Mango brengt warm hout, een krachtig stalen onderstel en ruime afmetingen samen in \u00e9\u00e9n stuk. Een statement tafel die uitnodigt tot blijven zitten \u2013 van doordeweekse pasta tot uitgebreid etentje met 10 man.<\/p>\n","protected":false},"excerpt":{"rendered":"<p>Warm mangohout. Iconisch kruisonderstel. Eten, blijven hangen, nog een ronde koffie. De Manigod eettafel is gemaakt om aan te leven. Het ovale blad&#8230;<\/p>\n","protected":false},"featured_media":26956,"comment_status":"closed","ping_status":"closed","template":"","meta":{"_acf_changed":false},"product_cat":[288,345,446,347,315,283,290,321,445,284,21],"product_tag":[],"class_list":{"0":"post-9616","1":"product","2":"type-product","3":"status-publish","4":"has-post-thumbnail","6":"product_cat-mangohout","7":"product_cat-10-personen","8":"product_cat-eettafels-4-personen","9":"product_cat-6-personen","10":"product_cat-8-personen","11":"product_cat-houten","12":"product_cat-industrieel","13":"product_cat-landelijk-eettafels","14":"product_cat-ovaal-3","15":"product_cat-ovalen","16":"product_cat-eettafels","18":"first","19":"instock","20":"sale","21":"taxable","22":"shipping-taxable","23":"purchasable","24":"product-type-variable","25":"has-default-attributes","26":"add-to-wishlist-before_image"},"acf":[],"yoast_head":"<!-- This site is optimized with the Yoast SEO Premium plugin v23.9 (Yoast SEO v23.9) - https:\/\/yoast.com\/wordpress\/plugins\/seo\/ -->\n<title>Manigod Eettafel Mango \u2013 Ovale Mangohouten Tafel | Tomasso Tables<\/title>\n<meta name=\"description\" content=\"Ovaal mangohout met zwarte stalen kruispoot. Verkrijgbaar in meerdere maten (160\u2013240 cm) voor 4 t\/m 10 personen. Robuust, sfeervol. Gratis verzending &amp; 2 jaar garantie.\" \/>\n<meta name=\"robots\" content=\"index, follow, max-snippet:-1, max-image-preview:large, max-video-preview:-1\" \/>\n<link rel=\"canonical\" href=\"https:\/\/www.tomassotables.com\/nl\/product\/manigod-eettafel-mango\/\" \/>\n<meta property=\"og:locale\" content=\"nl_NL\" \/>\n<meta property=\"og:type\" content=\"article\" \/>\n<meta property=\"og:title\" content=\"Manigod Eettafel Mango \u2013 Ovale Mangohouten Tafel | Tomasso Tables\" \/>\n<meta property=\"og:description\" content=\"Ovaal mangohout met zwarte stalen kruispoot. Verkrijgbaar in meerdere maten (160\u2013240 cm) voor 4 t\/m 10 personen. Robuust, sfeervol. Gratis verzending &amp; 2 jaar garantie.\" \/>\n<meta property=\"og:url\" content=\"https:\/\/www.tomassotables.com\/nl\/product\/manigod-eettafel-mango\/\" \/>\n<meta property=\"og:site_name\" content=\"Tomasso Tables\" \/>\n<meta property=\"article:publisher\" content=\"https:\/\/www.facebook.com\/tomassotables\/\" \/>\n<meta property=\"article:modified_time\" content=\"2025-10-27T13:58:44+00:00\" \/>\n<meta property=\"og:image\" content=\"https:\/\/www.tomassotables.com\/wp-content\/uploads\/2024\/08\/universal_upscale_0_733ac1c0-cb32-4ab7-a497-439fea010ea6_0.webp\" \/>\n\t<meta property=\"og:image:width\" content=\"1600\" \/>\n\t<meta property=\"og:image:height\" content=\"1042\" \/>\n\t<meta property=\"og:image:type\" content=\"image\/webp\" \/>\n<meta name=\"twitter:card\" content=\"summary_large_image\" \/>\n<meta name=\"twitter:label1\" content=\"Geschatte leestijd\" \/>\n\t<meta name=\"twitter:data1\" content=\"2 minuten\" \/>\n<script type=\"application\/ld+json\" class=\"yoast-schema-graph\">{\"@context\":\"https:\/\/schema.org\",\"@graph\":[{\"@type\":\"WebPage\",\"@id\":\"https:\/\/www.tomassotables.com\/nl\/product\/manigod-eettafel-mango\/\",\"url\":\"https:\/\/www.tomassotables.com\/nl\/product\/manigod-eettafel-mango\/\",\"name\":\"Manigod Eettafel Mango \u2013 Ovale Mangohouten Tafel | Tomasso Tables\",\"isPartOf\":{\"@id\":\"https:\/\/www.tomassotables.com\/nl\/#website\"},\"primaryImageOfPage\":{\"@id\":\"https:\/\/www.tomassotables.com\/nl\/product\/manigod-eettafel-mango\/#primaryimage\"},\"image\":{\"@id\":\"https:\/\/www.tomassotables.com\/nl\/product\/manigod-eettafel-mango\/#primaryimage\"},\"thumbnailUrl\":\"https:\/\/www.tomassotables.com\/wp-content\/uploads\/2024\/08\/universal_upscale_0_733ac1c0-cb32-4ab7-a497-439fea010ea6_0.webp\",\"datePublished\":\"2024-08-17T12:16:07+00:00\",\"dateModified\":\"2025-10-27T13:58:44+00:00\",\"description\":\"Ovaal mangohout met zwarte stalen kruispoot. Verkrijgbaar in meerdere maten (160\u2013240 cm) voor 4 t\/m 10 personen. Robuust, sfeervol. Gratis verzending & 2 jaar garantie.\",\"breadcrumb\":{\"@id\":\"https:\/\/www.tomassotables.com\/nl\/product\/manigod-eettafel-mango\/#breadcrumb\"},\"inLanguage\":\"nl-NL\",\"potentialAction\":[{\"@type\":\"ReadAction\",\"target\":[\"https:\/\/www.tomassotables.com\/nl\/product\/manigod-eettafel-mango\/\"]}]},{\"@type\":\"ImageObject\",\"inLanguage\":\"nl-NL\",\"@id\":\"https:\/\/www.tomassotables.com\/nl\/product\/manigod-eettafel-mango\/#primaryimage\",\"url\":\"https:\/\/www.tomassotables.com\/wp-content\/uploads\/2024\/08\/universal_upscale_0_733ac1c0-cb32-4ab7-a497-439fea010ea6_0.webp\",\"contentUrl\":\"https:\/\/www.tomassotables.com\/wp-content\/uploads\/2024\/08\/universal_upscale_0_733ac1c0-cb32-4ab7-a497-439fea010ea6_0.webp\",\"width\":1600,\"height\":1042},{\"@type\":\"BreadcrumbList\",\"@id\":\"https:\/\/www.tomassotables.com\/nl\/product\/manigod-eettafel-mango\/#breadcrumb\",\"itemListElement\":[{\"@type\":\"ListItem\",\"position\":1,\"name\":\"Shop\",\"item\":\"https:\/\/www.tomassotables.com\/nl\/shop\/\"},{\"@type\":\"ListItem\",\"position\":2,\"name\":\"Manigod Eettafel Mango \u2013 Ovaal Massief Mangohout met Zwart Kruisonderstel \u2013 160 t\/m 240 cm\"}]},{\"@type\":\"WebSite\",\"@id\":\"https:\/\/www.tomassotables.com\/nl\/#website\",\"url\":\"https:\/\/www.tomassotables.com\/nl\/\",\"name\":\"Tomasso Tables\",\"description\":\"\",\"publisher\":{\"@id\":\"https:\/\/www.tomassotables.com\/nl\/#organization\"},\"potentialAction\":[{\"@type\":\"SearchAction\",\"target\":{\"@type\":\"EntryPoint\",\"urlTemplate\":\"https:\/\/www.tomassotables.com\/nl\/?s={search_term_string}\"},\"query-input\":{\"@type\":\"PropertyValueSpecification\",\"valueRequired\":true,\"valueName\":\"search_term_string\"}}],\"inLanguage\":\"nl-NL\"},{\"@type\":\"Organization\",\"@id\":\"https:\/\/www.tomassotables.com\/nl\/#organization\",\"name\":\"Tomasso Tables B.V.\",\"url\":\"https:\/\/www.tomassotables.com\/nl\/\",\"logo\":{\"@type\":\"ImageObject\",\"inLanguage\":\"nl-NL\",\"@id\":\"https:\/\/www.tomassotables.com\/nl\/#\/schema\/logo\/image\/\",\"url\":null,\"contentUrl\":null,\"width\":null,\"height\":null,\"caption\":\"Tomasso Tables B.V.\"},\"image\":{\"@id\":\"https:\/\/www.tomassotables.com\/nl\/#\/schema\/logo\/image\/\"},\"sameAs\":[\"https:\/\/www.facebook.com\/tomassotables\/\",\"https:\/\/www.instagram.com\/tomassotables\/\",\"https:\/\/nl.pinterest.com\/tomassotables\/\"]}]}<\/script>\n<!-- \/ Yoast SEO Premium plugin. -->","yoast_head_json":{"title":"Manigod Eettafel Mango \u2013 Ovale Mangohouten Tafel | Tomasso Tables","description":"Ovaal mangohout met zwarte stalen kruispoot. Verkrijgbaar in meerdere maten (160\u2013240 cm) voor 4 t\/m 10 personen. Robuust, sfeervol. Gratis verzending & 2 jaar garantie.","robots":{"index":"index","follow":"follow","max-snippet":"max-snippet:-1","max-image-preview":"max-image-preview:large","max-video-preview":"max-video-preview:-1"},"canonical":"https:\/\/www.tomassotables.com\/nl\/product\/manigod-eettafel-mango\/","og_locale":"nl_NL","og_type":"article","og_title":"Manigod Eettafel Mango \u2013 Ovale Mangohouten Tafel | Tomasso Tables","og_description":"Ovaal mangohout met zwarte stalen kruispoot. Verkrijgbaar in meerdere maten (160\u2013240 cm) voor 4 t\/m 10 personen. Robuust, sfeervol. Gratis verzending & 2 jaar garantie.","og_url":"https:\/\/www.tomassotables.com\/nl\/product\/manigod-eettafel-mango\/","og_site_name":"Tomasso Tables","article_publisher":"https:\/\/www.facebook.com\/tomassotables\/","article_modified_time":"2025-10-27T13:58:44+00:00","og_image":[{"width":1600,"height":1042,"url":"https:\/\/www.tomassotables.com\/wp-content\/uploads\/2024\/08\/universal_upscale_0_733ac1c0-cb32-4ab7-a497-439fea010ea6_0.webp","type":"image\/webp"}],"twitter_card":"summary_large_image","twitter_misc":{"Geschatte leestijd":"2 minuten"},"schema":{"@context":"https:\/\/schema.org","@graph":[{"@type":"WebPage","@id":"https:\/\/www.tomassotables.com\/nl\/product\/manigod-eettafel-mango\/","url":"https:\/\/www.tomassotables.com\/nl\/product\/manigod-eettafel-mango\/","name":"Manigod Eettafel Mango \u2013 Ovale Mangohouten Tafel | Tomasso Tables","isPartOf":{"@id":"https:\/\/www.tomassotables.com\/nl\/#website"},"primaryImageOfPage":{"@id":"https:\/\/www.tomassotables.com\/nl\/product\/manigod-eettafel-mango\/#primaryimage"},"image":{"@id":"https:\/\/www.tomassotables.com\/nl\/product\/manigod-eettafel-mango\/#primaryimage"},"thumbnailUrl":"https:\/\/www.tomassotables.com\/wp-content\/uploads\/2024\/08\/universal_upscale_0_733ac1c0-cb32-4ab7-a497-439fea010ea6_0.webp","datePublished":"2024-08-17T12:16:07+00:00","dateModified":"2025-10-27T13:58:44+00:00","description":"Ovaal mangohout met zwarte stalen kruispoot. Verkrijgbaar in meerdere maten (160\u2013240 cm) voor 4 t\/m 10 personen. Robuust, sfeervol. Gratis verzending & 2 jaar garantie.","breadcrumb":{"@id":"https:\/\/www.tomassotables.com\/nl\/product\/manigod-eettafel-mango\/#breadcrumb"},"inLanguage":"nl-NL","potentialAction":[{"@type":"ReadAction","target":["https:\/\/www.tomassotables.com\/nl\/product\/manigod-eettafel-mango\/"]}]},{"@type":"ImageObject","inLanguage":"nl-NL","@id":"https:\/\/www.tomassotables.com\/nl\/product\/manigod-eettafel-mango\/#primaryimage","url":"https:\/\/www.tomassotables.com\/wp-content\/uploads\/2024\/08\/universal_upscale_0_733ac1c0-cb32-4ab7-a497-439fea010ea6_0.webp","contentUrl":"https:\/\/www.tomassotables.com\/wp-content\/uploads\/2024\/08\/universal_upscale_0_733ac1c0-cb32-4ab7-a497-439fea010ea6_0.webp","width":1600,"height":1042},{"@type":"BreadcrumbList","@id":"https:\/\/www.tomassotables.com\/nl\/product\/manigod-eettafel-mango\/#breadcrumb","itemListElement":[{"@type":"ListItem","position":1,"name":"Shop","item":"https:\/\/www.tomassotables.com\/nl\/shop\/"},{"@type":"ListItem","position":2,"name":"Manigod Eettafel Mango \u2013 Ovaal Massief Mangohout met Zwart Kruisonderstel \u2013 160 t\/m 240 cm"}]},{"@type":"WebSite","@id":"https:\/\/www.tomassotables.com\/nl\/#website","url":"https:\/\/www.tomassotables.com\/nl\/","name":"Tomasso Tables","description":"","publisher":{"@id":"https:\/\/www.tomassotables.com\/nl\/#organization"},"potentialAction":[{"@type":"SearchAction","target":{"@type":"EntryPoint","urlTemplate":"https:\/\/www.tomassotables.com\/nl\/?s={search_term_string}"},"query-input":{"@type":"PropertyValueSpecification","valueRequired":true,"valueName":"search_term_string"}}],"inLanguage":"nl-NL"},{"@type":"Organization","@id":"https:\/\/www.tomassotables.com\/nl\/#organization","name":"Tomasso Tables B.V.","url":"https:\/\/www.tomassotables.com\/nl\/","logo":{"@type":"ImageObject","inLanguage":"nl-NL","@id":"https:\/\/www.tomassotables.com\/nl\/#\/schema\/logo\/image\/","url":null,"contentUrl":null,"width":null,"height":null,"caption":"Tomasso Tables B.V."},"image":{"@id":"https:\/\/www.tomassotables.com\/nl\/#\/schema\/logo\/image\/"},"sameAs":["https:\/\/www.facebook.com\/tomassotables\/","https:\/\/www.instagram.com\/tomassotables\/","https:\/\/nl.pinterest.com\/tomassotables\/"]}]}},"_links":{"self":[{"href":"https:\/\/www.tomassotables.com\/nl\/wp-json\/wp\/v2\/product\/9616","targetHints":{"allow":["GET"]}}],"collection":[{"href":"https:\/\/www.tomassotables.com\/nl\/wp-json\/wp\/v2\/product"}],"about":[{"href":"https:\/\/www.tomassotables.com\/nl\/wp-json\/wp\/v2\/types\/product"}],"replies":[{"embeddable":true,"href":"https:\/\/www.tomassotables.com\/nl\/wp-json\/wp\/v2\/comments?post=9616"}],"wp:featuredmedia":[{"embeddable":true,"href":"https:\/\/www.tomassotables.com\/nl\/wp-json\/wp\/v2\/media\/26956"}],"wp:attachment":[{"href":"https:\/\/www.tomassotables.com\/nl\/wp-json\/wp\/v2\/media?parent=9616"}],"wp:term":[{"taxonomy":"product_cat","embeddable":true,"href":"https:\/\/www.tomassotables.com\/nl\/wp-json\/wp\/v2\/product_cat?post=9616"},{"taxonomy":"product_tag","embeddable":true,"href":"https:\/\/www.tomassotables.com\/nl\/wp-json\/wp\/v2\/product_tag?post=9616"}],"curies":[{"name":"wp","href":"https:\/\/api.w.org\/{rel}","templated":true}]}}